{"id":3287,"date":"2020-10-08T12:09:13","date_gmt":"2020-10-08T10:09:13","guid":{"rendered":"https:\/\/www.digitronic.net\/?page_id=3287"},"modified":"2022-01-14T13:44:57","modified_gmt":"2022-01-14T12:44:57","slug":"digitronic","status":"publish","type":"page","link":"https:\/\/www.digitronic.net\/en\/digitronic\/","title":{"rendered":"Digitronic"},"content":{"rendered":"<div class=\"wpb-content-wrapper\"><p>[vc_row full_width=&#8221;stretch_row&#8221; css=&#8221;.vc_custom_1590575773447{background-image: url(\/wp-content\/uploads\/sites\/3\/2020\/05\/breaker_grau-1.jpg?id=2374) !important;}&#8221;][vc_column][vc_column_text el_class=&#8221;h1&#8243;]<\/p>\n<h1>We are digitronic<\/h1>\n<p>[\/vc_column_text][\/vc_column][\/vc_row][vc_row][vc_column][vc_column_text]<\/p>\n<h2>We live for IT security<\/h2>\n<p>[\/vc_column_text][vc_column_text]<strong>digitronic<\/strong> is a German manufacturer of IT security software and was founded in Chemnitz in 1990. Our focus is on innovative software products for the protection of confidential and sensitive data. The solutions are always oriented towards specific customer requirements, are fully scalable and can usually be easily integrated into other systems.<\/p>\n<p>Our core products are a unified massaging system for confidential communication in police departments, among others (<a href=\"\/en\/unified-messaging-service\">digitronic UMS<\/a>), a 2-factor authentication solution for simple and secure logon to end devices (<a href=\"\/en\/2-factor-authentication\">SmartLogon\u2122<\/a>) and an encryption solution for secure storage of confidential data on network drives (<a href=\"\/en\/encryption\">HiCrypt\u2122<\/a>).<\/p>\n<p>As a long-standing member of the German IT security association &#8220;TeleTrusT&#8221;, we stay up to date with the latest security standards and are always able to bring highly secure and trustworthy IT security technologies to market for you.<\/p>\n<h3>Our goal: Digital freedom without risk<\/h3>\n<p>[\/vc_column_text][\/vc_column][\/vc_row][vc_row][vc_column width=&#8221;1\/2&#8243;][vc_column_text el_class=&#8221;gruen&#8221;]<\/p>\n<h3><i class=\"fas fa-handshake\"><\/i> Our mission statement<\/h3>\n<p>[\/vc_column_text][vc_column_text]digitronic is a valued partner for industry and public authorities &#8211; as a German software manufacturer and provider of customized and investment-safe communication, encryption and registration solutions in a professional environment.[\/vc_column_text][\/vc_column][vc_column width=&#8221;1\/2&#8243;][vc_column_text el_class=&#8221;gruen&#8221;]<\/p>\n<h3><i class=\"fas fa-key\"><\/i> Our solutions<\/h3>\n<p>[\/vc_column_text][vc_column_text]We develop our solutions close to the customer and future-oriented with the highest quality standards. By taking into account the individual needs of our customers, our range of services as well as our wealth of experience grows continuously.[\/vc_column_text][\/vc_column][\/vc_row][vc_row][vc_column width=&#8221;1\/2&#8243;][vc_column_text el_class=&#8221;gruen&#8221;]<\/p>\n<h3><i class=\"fas fa-user-friends\"><\/i> Our customers<\/h3>\n<p>[\/vc_column_text][vc_column_text]We put our customers in the center of attention. Our focus is on reliability and efficiency. Through a wealth of ideas and professional competence, we successfully master even the most complex challenges.[\/vc_column_text][\/vc_column][vc_column width=&#8221;1\/2&#8243;][vc_column_text el_class=&#8221;gruen&#8221;]<\/p>\n<h3><i class=\"fas fa-puzzle-piece\"><\/i> Our business fields<\/h3>\n<p>[\/vc_column_text][vc_column_text]Our team develops smart and practical solutions in the areas of communication, encryption and logon software for a wide range of industries. Each team member contributes his or her individual skills and thus makes a decisive contribution to the overall success.[\/vc_column_text][\/vc_column][\/vc_row][vc_row][vc_column][vc_column_text]<\/p>\n<h2>Focus on the individual<\/h2>\n<p>[\/vc_column_text][vc_column_text]The compatibility of work and family is a matter close to our hearts, which is why we offer our employees flexible working hours and the possibility of working from home office. In our open corporate culture, your ideas are not only in demand, but explicitly desired.\u00a0The cooperation is characterized by respect and appreciation for each other. This is what we offer our employees:[\/vc_column_text][\/vc_column][\/vc_row][vc_row][vc_column width=&#8221;1\/3&#8243;][vc_column_text]<\/p>\n<h3><i class=\"fas fa-child\"><\/i>\u00a0<span style=\"font-size: 16px; font-weight: 400;\">Work and family life balance<\/span><\/h3>\n<p>[\/vc_column_text][\/vc_column][vc_column width=&#8221;1\/3&#8243;][vc_column_text]<\/p>\n<h3><i class=\"fas fa-leaf\"><\/i>\u00a0<span style=\"font-size: 16px; font-weight: 400;\">Room for personal initiative<\/span><\/h3>\n<p>[\/vc_column_text][\/vc_column][vc_column width=&#8221;1\/3&#8243;][vc_column_text]<\/p>\n<h3><i class=\"fas fa-graduation-cap\"><\/i>\u00a0<span style=\"font-size: 16px; font-weight: 400;\">Further training opportunities<\/span><\/h3>\n<p>[\/vc_column_text][\/vc_column][\/vc_row][vc_row][vc_column width=&#8221;1\/3&#8243;][vc_column_text]<\/p>\n<h3><i class=\"fas fa-smile\"><\/i>\u00a0<span style=\"font-size: 16px; font-weight: 400;\">Collegial cooperation and humor<\/span><\/h3>\n<p>[\/vc_column_text][\/vc_column][vc_column width=&#8221;1\/3&#8243;][vc_column_text]<\/p>\n<h3><i class=\"fas fa-mug-hot\"><\/i>\u00a0<span style=\"font-size: 16px; font-weight: 400;\">Coffee and water at free disposal<\/span><\/h3>\n<p>[\/vc_column_text][\/vc_column][vc_column width=&#8221;1\/3&#8243;][vc_column_text]<\/p>\n<h3><i class=\"fas fa-heart\"><\/i>\u00a0<span style=\"font-size: 16px; font-weight: 400;\">Health promoting measures<\/span><\/h3>\n<p>[\/vc_column_text][\/vc_column][\/vc_row][vc_row full_width=&#8221;stretch_row&#8221; css=&#8221;.vc_custom_1590575797057{background-image: url(\/wp-content\/uploads\/sites\/3\/2020\/05\/breaker_grau-1.jpg?id=2374) !important;}&#8221;][vc_column][vc_column_text el_class=&#8221;hinweistext&#8221;]<\/p>\n<p style=\"text-align: center;\">In search of a new job?<\/p>\n<p>[\/vc_column_text][vc_column_text el_class=&#8221;download_button&#8221;]<a href=\"\/en\/job-offers\">To our job offers<\/a>[\/vc_column_text][\/vc_column][\/vc_row][vc_row][vc_column][vc_column_text]<\/p>\n<h2>What&#8217;s new at digitronic<\/h2>\n<p>[\/vc_column_text][vc_column_text]<div class=\"posts\"><div class=\"post drittel\"><a href=\"https:\/\/www.digitronic.net\/en\/teamspirit-at-digitronic\/\" class=\"\" target=\"_blank\"><div class=\"gruen_drueber\"><div class=\"turnaround\"><div class=\"front\"><img decoding=\"async\" src=\"https:\/\/www.digitronic.net\/wp-content\/uploads\/sites\/3\/2024\/12\/Weihnachtsfeier2024.jpg\" class=\"thumb\" alt=\"\"><div class=\"gruene_ecke\"><\/div><\/div><div class=\"back\">The month of December was all about the team for us &#8211; in addition to the joint Christmas party, we also welcomed a new employee.<\/div><\/div><\/div><div class=\"gruen_drunter\"><div class=\"date\">18.12.2024<\/div><div class=\"title\">Teamspirit at digitronic: Christmas party and staff reinforcement<\/div><\/div><\/a><\/div><div class=\"post drittel\"><a href=\"https:\/\/www.digitronic.net\/en\/kooperation-digittrade\/\" class=\"\" target=\"_blank\"><div class=\"gruen_drueber\"><div class=\"turnaround\"><div class=\"front\"><img decoding=\"async\" src=\"https:\/\/www.digitronic.net\/wp-content\/uploads\/sites\/3\/2024\/03\/Vorschaubild-Digittrade-scaled.jpg\" class=\"thumb\" alt=\"\"><div class=\"gruene_ecke\"><\/div><\/div><div class=\"back\">Mit Digittrade erh\u00e4lt digitronic einen neuen strategischen Partner, deren Datentr\u00e4gerl\u00f6sung Kobra VS unsere Verschl\u00fcsselungsl\u00f6sung HiCrypt erg\u00e4nzt.<\/div><\/div><\/div><div class=\"gruen_drunter\"><div class=\"date\">19.03.2024<\/div><div class=\"title\">Trading data seamlessly and securely - cooperation with DIGITTRADE<\/div><\/div><\/a><\/div><div class=\"post drittel\"><a href=\"https:\/\/www.digitronic.net\/en\/zuwachs-in-der-entwicklung\/\" class=\"\" target=\"_blank\"><div class=\"gruen_drueber\"><div class=\"turnaround\"><div class=\"front\"><img decoding=\"async\" src=\"\" class=\"thumb\" alt=\"\"><div class=\"gruene_ecke\"><\/div><\/div><div class=\"back\">Anfang Februar begr\u00fc\u00dft digitronic zwei neue Mitarbeiterinnen in der Entwicklung.<\/div><\/div><\/div><div class=\"gruen_drunter\"><div class=\"date\">01.02.2024<\/div><div class=\"title\">digitronic gains new members in development<\/div><\/div><\/a><\/div><\/div>[\/vc_column_text][\/vc_column][\/vc_row]<\/p>\n<\/div>","protected":false},"excerpt":{"rendered":"<p>[vc_row full_width=&#8221;stretch_row&#8221; css=&#8221;.vc_custom_1590575773447{background-image: url(\/wp-content\/uploads\/sites\/3\/2020\/05\/breaker_grau-1.jpg?id=2374) !important;}&#8221;][vc_column][vc_column_text el_class=&#8221;h1&#8243;] We are digitronic [\/vc_column_text][\/vc_column][\/vc_row][vc_row][vc_column][vc_column_text] We live for IT security [\/vc_column_text][vc_column_text]digitronic is a German manufacturer of IT security software and was founded in Chemnitz in 1990. Our focus is on innovative software products for the protection of confidential and sensitive data. The solutions are always oriented towards specific customer requirements, &hellip; <a href=\"https:\/\/www.digitronic.net\/en\/digitronic\/\" class=\"more-link\">Continue reading<span class=\"screen-reader-text\"> &#8220;Digitronic&#8221;<\/span><\/a><\/p>\n","protected":false},"author":3,"featured_media":0,"parent":0,"menu_order":0,"comment_status":"closed","ping_status":"closed","template":"","meta":{"footnotes":""},"class_list":["post-3287","page","type-page","status-publish","hentry"],"yoast_head":"<!-- This site is optimized with the Yoast SEO plugin v27.4 - https:\/\/yoast.com\/product\/yoast-seo-wordpress\/ -->\n<title>digitronic is German manufacturer of IT security software - digitronic<\/title>\n<meta name=\"description\" content=\"Innovative software products for protecting confidential data \u2713 scalable \u2713 integrable \u2713 meeting specific customer requirements\" \/>\n<meta name=\"robots\" content=\"index, follow, max-snippet:-1, max-image-preview:large, max-video-preview:-1\" \/>\n<link rel=\"canonical\" href=\"https:\/\/www.digitronic.net\/en\/digitronic\/\" \/>\n<meta property=\"og:locale\" content=\"en_US\" \/>\n<meta property=\"og:type\" content=\"article\" \/>\n<meta property=\"og:title\" content=\"digitronic is German manufacturer of IT security software - digitronic\" \/>\n<meta property=\"og:description\" content=\"Innovative software products for protecting confidential data \u2713 scalable \u2713 integrable \u2713 meeting specific customer requirements\" \/>\n<meta property=\"og:url\" content=\"https:\/\/www.digitronic.net\/en\/digitronic\/\" \/>\n<meta property=\"og:site_name\" content=\"digitronic\" \/>\n<meta property=\"article:modified_time\" content=\"2022-01-14T12:44:57+00:00\" \/>\n<meta property=\"og:image\" content=\"https:\/\/www.digitronic.net\/wp-content\/uploads\/sites\/3\/2022\/01\/Header_Stellenausschreibungen.png\" \/>\n\t<meta property=\"og:image:width\" content=\"1000\" \/>\n\t<meta property=\"og:image:height\" content=\"417\" \/>\n\t<meta property=\"og:image:type\" content=\"image\/png\" \/>\n<meta name=\"twitter:card\" content=\"summary_large_image\" \/>\n<meta name=\"twitter:title\" content=\"digitronic is German manufacturer of IT security software - digitronic\" \/>\n<meta name=\"twitter:description\" content=\"Innovative software products for protecting confidential data \u2713 scalable \u2713 integrable \u2713 meeting specific customer requirements\" \/>\n<meta name=\"twitter:image\" content=\"https:\/\/www.digitronic.net\/wp-content\/uploads\/sites\/3\/2022\/01\/Header_Stellenausschreibungen.png\" \/>\n<meta name=\"twitter:label1\" content=\"Est. reading time\" \/>\n\t<meta name=\"twitter:data1\" content=\"4 minutes\" \/>\n<script type=\"application\/ld+json\" class=\"yoast-schema-graph\">{\"@context\":\"https:\\\/\\\/schema.org\",\"@graph\":[{\"@type\":\"WebPage\",\"@id\":\"https:\\\/\\\/www.digitronic.net\\\/en\\\/digitronic\\\/\",\"url\":\"https:\\\/\\\/www.digitronic.net\\\/en\\\/digitronic\\\/\",\"name\":\"digitronic is German manufacturer of IT security software - digitronic\",\"isPartOf\":{\"@id\":\"https:\\\/\\\/www.digitronic.net\\\/#website\"},\"datePublished\":\"2020-10-08T10:09:13+00:00\",\"dateModified\":\"2022-01-14T12:44:57+00:00\",\"description\":\"Innovative software products for protecting confidential data \u2713 scalable \u2713 integrable \u2713 meeting specific customer requirements\",\"breadcrumb\":{\"@id\":\"https:\\\/\\\/www.digitronic.net\\\/en\\\/digitronic\\\/#breadcrumb\"},\"inLanguage\":\"en-US\",\"potentialAction\":[{\"@type\":\"ReadAction\",\"target\":[\"https:\\\/\\\/www.digitronic.net\\\/en\\\/digitronic\\\/\"]}]},{\"@type\":\"BreadcrumbList\",\"@id\":\"https:\\\/\\\/www.digitronic.net\\\/en\\\/digitronic\\\/#breadcrumb\",\"itemListElement\":[{\"@type\":\"ListItem\",\"position\":1,\"name\":\"Startseite\",\"item\":\"https:\\\/\\\/www.digitronic.net\\\/en\\\/\"},{\"@type\":\"ListItem\",\"position\":2,\"name\":\"Digitronic\"}]},{\"@type\":\"WebSite\",\"@id\":\"https:\\\/\\\/www.digitronic.net\\\/#website\",\"url\":\"https:\\\/\\\/www.digitronic.net\\\/\",\"name\":\"digitronic\",\"description\":\"Spezialist f\u00fcr Datensicherheit und 2-Faktor-Authentifzierung\",\"potentialAction\":[{\"@type\":\"SearchAction\",\"target\":{\"@type\":\"EntryPoint\",\"urlTemplate\":\"https:\\\/\\\/www.digitronic.net\\\/?s={search_term_string}\"},\"query-input\":{\"@type\":\"PropertyValueSpecification\",\"valueRequired\":true,\"valueName\":\"search_term_string\"}}],\"inLanguage\":\"en-US\"}]}<\/script>\n<!-- \/ Yoast SEO plugin. -->","yoast_head_json":{"title":"digitronic is German manufacturer of IT security software - digitronic","description":"Innovative software products for protecting confidential data \u2713 scalable \u2713 integrable \u2713 meeting specific customer requirements","robots":{"index":"index","follow":"follow","max-snippet":"max-snippet:-1","max-image-preview":"max-image-preview:large","max-video-preview":"max-video-preview:-1"},"canonical":"https:\/\/www.digitronic.net\/en\/digitronic\/","og_locale":"en_US","og_type":"article","og_title":"digitronic is German manufacturer of IT security software - digitronic","og_description":"Innovative software products for protecting confidential data \u2713 scalable \u2713 integrable \u2713 meeting specific customer requirements","og_url":"https:\/\/www.digitronic.net\/en\/digitronic\/","og_site_name":"digitronic","article_modified_time":"2022-01-14T12:44:57+00:00","og_image":[{"width":1000,"height":417,"url":"https:\/\/www.digitronic.net\/wp-content\/uploads\/sites\/3\/2022\/01\/Header_Stellenausschreibungen.png","type":"image\/png"}],"twitter_card":"summary_large_image","twitter_title":"digitronic is German manufacturer of IT security software - digitronic","twitter_description":"Innovative software products for protecting confidential data \u2713 scalable \u2713 integrable \u2713 meeting specific customer requirements","twitter_image":"https:\/\/www.digitronic.net\/wp-content\/uploads\/sites\/3\/2022\/01\/Header_Stellenausschreibungen.png","twitter_misc":{"Est. reading time":"4 minutes"},"schema":{"@context":"https:\/\/schema.org","@graph":[{"@type":"WebPage","@id":"https:\/\/www.digitronic.net\/en\/digitronic\/","url":"https:\/\/www.digitronic.net\/en\/digitronic\/","name":"digitronic is German manufacturer of IT security software - digitronic","isPartOf":{"@id":"https:\/\/www.digitronic.net\/#website"},"datePublished":"2020-10-08T10:09:13+00:00","dateModified":"2022-01-14T12:44:57+00:00","description":"Innovative software products for protecting confidential data \u2713 scalable \u2713 integrable \u2713 meeting specific customer requirements","breadcrumb":{"@id":"https:\/\/www.digitronic.net\/en\/digitronic\/#breadcrumb"},"inLanguage":"en-US","potentialAction":[{"@type":"ReadAction","target":["https:\/\/www.digitronic.net\/en\/digitronic\/"]}]},{"@type":"BreadcrumbList","@id":"https:\/\/www.digitronic.net\/en\/digitronic\/#breadcrumb","itemListElement":[{"@type":"ListItem","position":1,"name":"Startseite","item":"https:\/\/www.digitronic.net\/en\/"},{"@type":"ListItem","position":2,"name":"Digitronic"}]},{"@type":"WebSite","@id":"https:\/\/www.digitronic.net\/#website","url":"https:\/\/www.digitronic.net\/","name":"digitronic","description":"Spezialist f\u00fcr Datensicherheit und 2-Faktor-Authentifzierung","potentialAction":[{"@type":"SearchAction","target":{"@type":"EntryPoint","urlTemplate":"https:\/\/www.digitronic.net\/?s={search_term_string}"},"query-input":{"@type":"PropertyValueSpecification","valueRequired":true,"valueName":"search_term_string"}}],"inLanguage":"en-US"}]}},"_links":{"self":[{"href":"https:\/\/www.digitronic.net\/en\/wp-json\/wp\/v2\/pages\/3287","targetHints":{"allow":["GET"]}}],"collection":[{"href":"https:\/\/www.digitronic.net\/en\/wp-json\/wp\/v2\/pages"}],"about":[{"href":"https:\/\/www.digitronic.net\/en\/wp-json\/wp\/v2\/types\/page"}],"author":[{"embeddable":true,"href":"https:\/\/www.digitronic.net\/en\/wp-json\/wp\/v2\/users\/3"}],"replies":[{"embeddable":true,"href":"https:\/\/www.digitronic.net\/en\/wp-json\/wp\/v2\/comments?post=3287"}],"version-history":[{"count":0,"href":"https:\/\/www.digitronic.net\/en\/wp-json\/wp\/v2\/pages\/3287\/revisions"}],"wp:attachment":[{"href":"https:\/\/www.digitronic.net\/en\/wp-json\/wp\/v2\/media?parent=3287"}],"curies":[{"name":"wp","href":"https:\/\/api.w.org\/{rel}","templated":true}]}}